{"id":17503,"date":"2024-09-02T13:46:49","date_gmt":"2024-09-02T11:46:49","guid":{"rendered":"https:\/\/web-designprofesional.ro\/?page_id=17503"},"modified":"2024-09-03T13:39:21","modified_gmt":"2024-09-03T11:39:21","slug":"servicii-contabilitate","status":"publish","type":"page","link":"https:\/\/web-designprofesional.ro\/en\/servicii-contabilitate\/","title":{"rendered":"Accounting Services"},"content":{"rendered":"<div data-elementor-type=\"wp-page\" data-elementor-id=\"17503\" class=\"elementor elementor-17503\" data-elementor-post-type=\"page\">\n\t\t\t\t\t\t\t\t\t<section class=\"wd-negative-gap elementor-section elementor-top-section elementor-element elementor-element-4e635b90 wd-section-stretch elementor-section-items-stretch elementor-section-full_width elementor-section-height-full elementor-section-height-default\" data-id=\"4e635b90\" data-element_type=\"section\" data-settings=\"{&quot;background_background&quot;:&quot;gradient&quot;}\">\n\t\t\t\t\t\t<div class=\"elementor-container elementor-column-gap-no\">\n\t\t\t\t\t<div class=\"elementor-column elementor-col-100 elementor-top-column elementor-element elementor-element-5eaa6d16\" data-id=\"5eaa6d16\" data-element_type=\"column\">\n\t\t\t<div class=\"elementor-widget-wrap elementor-element-populated\">\n\t\t\t\t\t\t\t\t<div class=\"elementor-element elementor-element-24f6fce9 wd-width-100 elementor-widget elementor-widget-wd_banner_carousel\" data-id=\"24f6fce9\" data-element_type=\"widget\" data-widget_type=\"wd_banner_carousel.default\">\n\t\t\t\t<div class=\"elementor-widget-container\">\n\t\t\t\t\t<div class=\"wd-carousel-container banners-carousel-wrapper\">\n\t\t\t<div class=\"wd-carousel-inner\">\n\t\t\t\t<div class=\"wd-carousel wd-grid banners-carousel\" data-autoheight=\"yes\" data-scroll_per_page=\"yes\" style=\"--wd-col-lg:1;--wd-col-md:1;--wd-col-sm:1;--wd-gap-lg:0px;--wd-carousel-overflow: visible\">\n\t\t\t\t\t<div class=\"wd-carousel-wrap\">\n\t\t\t\t\t\t\t\t\t\t\t\t\t\t\t\t\t\t\t\t\t\t<div class=\"promo-banner-wrapper wd-carousel-item elementor-repeater-item-7404092\">\n\t\t\t<div class=\"promo-banner banner-mask banner-hover-zoom-reverse color-scheme- banner-btn-size-default banner-btn-style-default banner-increased-padding with-btn banner-btn-position-hover wd-with-link\">\n\t\t\t\t<div class=\"main-wrapp-img\">\n\t\t\t\t\t<div class=\"banner-image wd-without-height\">\n\t\t\t\t\t\t\t\t\t\t\t\t\t\t\t\t\t\t\t\t\t<img fetchpriority=\"high\" decoding=\"async\" width=\"810\" height=\"809\" src=\"https:\/\/web-designprofesional.ro\/wp-content\/uploads\/2024\/05\/aaaaaaaaaaaa.svg\" class=\"attachment-full size-full\" alt=\"\" \/>\t\t\t\t\t\t\t\t\t\t\t\t\t\t\t\t\t\t<\/div>\n\t\t\t\t<\/div>\n\n\t\t\t\t<div class=\"wrapper-content-banner wd-fill wd-items-middle wd-justify-center\">\n\t\t\t\t\t<div class=\"content-banner  text-left\">\n\t\t\t\t\t\t\n\t\t\t\t\t\t\t\t\t\t\t\t\t<h4 class=\"banner-title wd-fontsize-xl\" data-elementor-setting-key=\"title\">\n\t\t\t\t\t\t\t\tACCOUNTING SERVICES\t\t\t\t\t\t\t<\/h4>\n\t\t\t\t\t\t\n\t\t\t\t\t\t\t\t\t\t\t\t\t<div class=\"banner-inner reset-last-child wd-fontsize-xs\" data-elementor-setting-key=\"content\">\n\t\t\t\t\t\t\t\t<p>Accounting<br \/>\nHuman resources, organization and payroll<br \/>\nTaxation services<br \/>\nFinancial and economic analysis<br \/>\nEconomic consultancy<br \/>\nPreparation of the income and expenditure budget<\/p>\n\t\t\t\t\t\t\t<\/div>\n\t\t\t\t\t\t\n\t\t\t\t\t\t\n\t\t\t\t\t\t\t\t\t\t\t\t\t<div class=\"banner-btn-wrapper\">\n\t\t\t\t\t\t\t\t\t\t<div class=\"wd-button-wrapper text-left\" >\n\t\t\t<a class=\"btn btn-style-default btn-shape-rectangle btn-size-default btn-color-primary btn-icon-pos-right\"  href=\"https:\/\/web-designprofesional.ro\/en\/contabilitate\/\">\n\t\t\t\t<span class=\"wd-btn-text\" data-elementor-setting-key=\"text\">\n\t\t\t\t\tMAI MULT\t\t\t\t<\/span>\n\n\t\t\t\t\t\t\t<\/a>\n\t\t<\/div>\n\t\t\t\t\t\t\t\t\t<\/div>\n\t\t\t\t\t\t\t\t\t\t\t<\/div>\n\t\t\t\t<\/div>\n\n\t\t\t\t\t\t\t\t\t<a href=\"https:\/\/web-designprofesional.ro\/en\/contabilitate\/\" class=\"wd-promo-banner-link wd-fill\" aria-label=\"Banner link\"><\/a>\n\t\t\t\t\t\t\t<\/div>\n\t\t<\/div>\n\t\t\t\t\t\t\t\t\t\t\t\t\t<\/div>\n\t\t\t\t<\/div>\n\n\t\t\t\t\t\t\t<\/div>\n\n\t\t\t\t\t\t\t\t<\/div>\n\t\t\t\t<\/div>\n\t\t\t\t<\/div>\n\t\t\t\t\t<\/div>\n\t\t<\/div>\n\t\t\t\t\t\t\t<\/div>\n\t\t<\/section>\n\t\t\t\t\t\t\t<\/div>","protected":false},"excerpt":{"rendered":"<p>SERVICII CONTABILITATE Contabilitate Resurse umane, organizare \u0219i salarizarea personalului Servicii de fiscalitate Analiz\u0103 economico-financiar\u0103 Consultan\u021b\u0103 economic\u0103 \u00centocmirea bugetului de venituri<\/p>","protected":false},"author":2,"featured_media":0,"parent":0,"menu_order":0,"comment_status":"closed","ping_status":"closed","template":"elementor_header_footer","meta":{"footnotes":""},"class_list":["post-17503","page","type-page","status-publish","hentry"],"_links":{"self":[{"href":"https:\/\/web-designprofesional.ro\/en\/wp-json\/wp\/v2\/pages\/17503","targetHints":{"allow":["GET"]}}],"collection":[{"href":"https:\/\/web-designprofesional.ro\/en\/wp-json\/wp\/v2\/pages"}],"about":[{"href":"https:\/\/web-designprofesional.ro\/en\/wp-json\/wp\/v2\/types\/page"}],"author":[{"embeddable":true,"href":"https:\/\/web-designprofesional.ro\/en\/wp-json\/wp\/v2\/users\/2"}],"replies":[{"embeddable":true,"href":"https:\/\/web-designprofesional.ro\/en\/wp-json\/wp\/v2\/comments?post=17503"}],"version-history":[{"count":47,"href":"https:\/\/web-designprofesional.ro\/en\/wp-json\/wp\/v2\/pages\/17503\/revisions"}],"predecessor-version":[{"id":17746,"href":"https:\/\/web-designprofesional.ro\/en\/wp-json\/wp\/v2\/pages\/17503\/revisions\/17746"}],"wp:attachment":[{"href":"https:\/\/web-designprofesional.ro\/en\/wp-json\/wp\/v2\/media?parent=17503"}],"curies":[{"name":"wp","href":"https:\/\/api.w.org\/{rel}","templated":true}]}}