{"id":15619,"date":"2023-06-01T18:15:12","date_gmt":"2023-06-01T16:15:12","guid":{"rendered":"https:\/\/web-designprofesional.ro\/?page_id=15619"},"modified":"2025-07-13T15:30:47","modified_gmt":"2025-07-13T13:30:47","slug":"termeni-si-conditii","status":"publish","type":"page","link":"https:\/\/web-designprofesional.ro\/en\/termeni-si-conditii\/","title":{"rendered":"Termeni si conditii"},"content":{"rendered":"<div data-elementor-type=\"wp-page\" data-elementor-id=\"15619\" class=\"elementor elementor-15619\" data-elementor-post-type=\"page\">\n\t\t\t\t\t\t\t\t\t<section class=\"wd-negative-gap elementor-section elementor-top-section elementor-element elementor-element-90214f9 elementor-section-boxed elementor-section-height-default elementor-section-height-default\" data-id=\"90214f9\" data-element_type=\"section\">\n\t\t\t\t\t\t<div class=\"elementor-container elementor-column-gap-default\">\n\t\t\t\t\t<div class=\"elementor-column elementor-col-100 elementor-top-column elementor-element elementor-element-bf12b10\" data-id=\"bf12b10\" data-element_type=\"column\">\n\t\t\t<div class=\"elementor-widget-wrap elementor-element-populated\">\n\t\t\t\t\t\t\t\t<div class=\"elementor-element elementor-element-343de48 elementor-widget elementor-widget-wd_text_block\" data-id=\"343de48\" data-element_type=\"widget\" data-widget_type=\"wd_text_block.default\">\n\t\t\t\t<div class=\"elementor-widget-container\">\n\t\t\t\t\t<div class=\"wd-text-block reset-last-child text-left\">\n\t\t\t\n\t\t\t<p>Website: https:\/\/web-designprofesional.ro\/<br \/>Firma: <span lang=\"RO\" style=\"font-size: 13.0pt;\">Legsal Contabilitate S.R.L.<\/span><br \/>Sediu: <span style=\"font-size: 13pt;\">Braila, str. Mihai Eminescu, nr.56, et.1<\/span><br \/>Tel: +40755162698<br \/>e-Mail: contact@web-designprofesional.ro<\/p><p>\u00centruc\u00e2t suntem \u00eenc\u00e2nta\u021bi s\u0103 furniz\u0103m informa\u021bii pe acest site web, v\u0103 inform\u0103m, totu\u0219i, cu privire la unele limit\u0103ri \u0219i restric\u021bii legale pe care le impunem tuturor vizitatorilor\/utilizatorilor acestui site web \u0219i a altor site-uri web conexe \u0219i, prin urmare, v\u0103 rug\u0103m s\u0103 v\u0103 supune\u021bi urm\u0103toarelor condi\u021bii de utilizare (\u201eCondi\u021bii de utilizare\u201d):<\/p><p>1. <span lang=\"RO\" style=\"font-size: 13.0pt;\">Legsal Contabilitate S.R.L.<\/span> \u00eentre\u021bine acest site web ca un serviciu pentru clien\u021bii s\u0103i. Ne rezerv\u0103m dreptul de a ad\u0103uga sau de a schimba\/modifica ace\u0219ti termeni \u00een orice moment. Prin accesarea acestui site web, se va considera c\u0103 a\u021bi acceptat to\u021bi termenii de utilizare \u0219i orice schimbare\/modificare a acestora \u0219i c\u0103 sunte\u021bi de acord s\u0103 respecta\u021bi \u0219i s\u0103 v\u0103 obliga\u021bi s\u0103 respecta\u021bi ace\u0219ti Termeni de utilizare. Este responsabilitatea dumneavoastr\u0103, \u00een calitate de utilizator, s\u0103 consulta\u021bi termenii imediat ce accesa\u021bi acest site web.<\/p><p>2. \u00cen orice etap\u0103, dac\u0103 nu sunte\u021bi mul\u021bumit de orice parte a acestui site web sau de oricare dintre ace\u0219ti Termeni de utilizare, singurul \u0219i exclusivul dvs. remediu este de a \u00eentrerupe utilizarea acestui site web.<\/p><p>3. <span lang=\"RO\" style=\"font-size: 13.0pt;\">Legsal Contabilitate S.R.L.<\/span> nu garanteaz\u0103 acurate\u021bea, caracterul complet sau fiabilitatea produselor, serviciilor \u0219i materialelor \u0219i a altor elemente disponibile pe acest site web. Informa\u021biile despre noi, Serviciile \u0219i Materialele noastre furnizate \u00een acest document nu constituie nicio form\u0103 de consiliere, recomandare sau aranjament din partea <span lang=\"RO\" style=\"font-size: 13.0pt;\">Legsal Contabilitate S.R.L.<\/span>. \u0219i nu sunt destinate a fi luate \u00een considerare de c\u0103tre utilizatori pentru a lua (sau a se ab\u021bine de la a lua) nicio investi\u021bie specific\u0103 sau alte decizii.<\/p><p>4. <span lang=\"RO\" style=\"font-size: 13.0pt;\">Legsal Contabilitate S.R.L.<\/span> \u00ee\u0219i rezerv\u0103 dreptul de a modifica, suspenda\/anula sau \u00eentrerupe oricare sau toate produsele sau serviciile \u00een orice moment \u0219i f\u0103r\u0103 notificare prealabil\u0103, de a face modific\u0103ri \u0219i schimb\u0103ri \u00een oricare sau \u00een toate con\u021binuturile, produsele \u0219i serviciile men\u021bionate pe acest site web f\u0103r\u0103 notificare prealabil\u0103.<\/p><p>5. Drepturi de autor \u0219i m\u0103rci comerciale<\/p><p>a) Acest site web con\u021bine informa\u021bii care sunt proprietatea <span lang=\"RO\" style=\"font-size: 13.0pt;\">Legsal Contabilitate S.R.L.<\/span>, care includ, dar nu se limiteaz\u0103 la drepturi de autor, m\u0103rci comerciale \u0219i informa\u021bii despre tehnologie care au fost dezvoltate exclusiv de c\u0103tre <span lang=\"RO\" style=\"font-size: 13.0pt;\">Legsal Contabilitate S.R.L.<\/span> prin investi\u021bii de bani, timp \u0219i efort. Acestea sunt furnizate sub form\u0103 de text, grafic\u0103, audio, video, desc\u0103rc\u0103ri, linkuri sau coduri surs\u0103 (\u201eServicii \u0219i materiale\u201d). <span lang=\"RO\" style=\"font-size: 13.0pt;\">Legsal Contabilitate S.R.L.<\/span> \u00ee\u0219i p\u0103streaz\u0103 toate drepturile asupra acestor servicii \u0219i materiale. Informa\u021biile privind Serviciile \u0219i Materialele men\u021bionate sunt destinate doar clien\u021bilor <span lang=\"RO\" style=\"font-size: 13.0pt;\">Legsal Contabilitate S.R.L.<\/span> \u0219i sunt furnizate doar pentru confortul dumneavoastr\u0103. Nu exist\u0103 nicio acordare de licen\u021b\u0103 sau drepturi de proprietate asupra unor astfel de Servicii \u0219i Materiale c\u0103tre utilizatori.<\/p><p>b) Cu excep\u021bia cazului \u00een care se specific\u0103 altfel, toate materialele, inclusiv, dar f\u0103r\u0103 a se limita la m\u0103rci comerciale, logo-uri, m\u0103rci de servicii, text \u0219i toate imaginile grafice \u0219i alte imagini prezentate \u0219i care apar pe acest site web sunt proprietatea <span lang=\"RO\" style=\"font-size: 13.0pt;\">Legsal Contabilitate S.R.L.<\/span>, a afilia\u021bilor \u0219i asocia\u021bilor s\u0103i \u0219i sunt protejate de legile privind drepturile de proprietate intelectual\u0103 sau alte drepturi de proprietate. Orice \u00eenc\u0103lcare a drepturilor de proprietate intelectual\u0103 ale <span lang=\"RO\" style=\"font-size: 13.0pt;\">Legsal Contabilitate S.R.L.<\/span> va atrage dup\u0103 sine ac\u021biuni legale, civile \u0219i\/sau penale, conform legilor aplicabile.<\/p><p>6. Autoriza\u021bie limitat\u0103 de copiere<\/p><p>Copierea, tip\u0103rirea, desc\u0103rcarea sau salvarea pe disc sau pe orice alt suport de stocare a extraselor din paginile acestui site web trebuie s\u0103 fie utilizate \u00een scopul vizualiz\u0103rii ulterioare sau numai pentru uz personal necomercial. Este strict interzis\u0103 crearea unei baze de date \u00een format electronic sau manual structurat prin desc\u0103rcarea \u0219i stocarea regulat\u0103 sau sistematic\u0103 a tuturor sau a unei p\u0103r\u021bi din paginile acestui site web, fie direct, fie prin utilizarea oric\u0103rui program software. Nicio parte a acestui site web nu poate fi reprodus\u0103 sau transmis\u0103 sau stocat\u0103 pe un alt site web \u0219i nici o parte din paginile acestui site web sau o parte a acestora nu poate fi diseminat\u0103 \u00een orice form\u0103 electronic\u0103 sau neelectronic\u0103 \u0219i nici inclus\u0103 \u00een vreun sistem sau serviciu de recuperare electronic\u0103 public sau privat f\u0103r\u0103 permisiunea scris\u0103 prealabil\u0103 a <span lang=\"RO\" style=\"font-size: 13.0pt;\">Legsal Contabilitate S.R.L.<\/span>\u00a0<span lang=\"RO\" style=\"font-size: 13.0pt;\">Legsal Contabilitate S.R.L.<\/span> \u00ee\u0219i p\u0103streaz\u0103 toate drepturile de proprietate intelectual\u0103 asupra tuturor textelor \u0219i graficelor.<\/p><p>7. Declinarea garan\u021biilor \u0219i a r\u0103spunderii<\/p><p>a) <span lang=\"RO\" style=\"font-size: 13.0pt;\">Legsal Contabilitate S.R.L.<\/span> NU GARANTEAZ\u0102 EXACTITUDINEA, COMPLETAREA SAU FIABILITATEA SERVICIILOR \u0218I MATERIALELOR \u0218I ALTOR ELEMENTE CON\u021aINUTE PE ACEST SITE-UL CARE SUNT DOAR PENTRU INFORMA\u021aII GENERALE SAU UTILIZARE.. INFORMA\u021aIILE DESPRE NOI, SERVICIILE \u0218I MATERIALELE NOASTRE FURNIZATE aici NU CONSTITUIE NICI O FORM\u0102 DE CONSILIERE, RECOMANDARE SAU ACORDARE DIN PARTEA FIRMEI \u0218I NU ESTE \u00ceNTEN\u021aIONAT\u0102 S\u0102 FIE FOLOSIT\u0102 DE UTILIZATORI PENTRU A FACE (SAU A RENUN\u021aA LA A FACE) NICI O INVESTI\u021aIE SPECIFIC\u0102 SAU ALTE DECIZII. \u00ceN NICIUN CAZ, FIRMA NU VA FI RESPONSABIL\u0102 \u00ceN NICI UN FEL PENTRU NICI UN CON\u021aINUT, INCLUSIV, DAR F\u0102R\u0102 A SE LIMITA LA, PENTRU ERORI SAU OMISIUNI \u00ceN NICI UN CON\u021aINUT, SAU PENTRU NICI O PIERDERE SAU DATORIE DE NICI UN FEL \u00ceNC\u0102RCINAT\u0102 CA REZULTAT AL UTILIZ\u0102RII UNUI CON\u021aINUT PUBLICAT, \u00ceNCARCAT PE ACEST SITE-URI. ORICE SFAT SPECIFIC SAU R\u0102SPUNS LA \u00ceNTREB\u0102RI \u00ceN ORICE PARTE A ACESTUI SITE WEB ESTE\/SUNT OPINIA PERSONAL\u0102 A ACESTOR EXPER\u021aI\/CONSULTAN\u021aI\/PERSOANE \u0218I NU SUNT SUBSCRISE DE ACEST SITE WEB.<\/p><p>b) SERVICIUL \u0218I MATERIALELE SUNT OFERITE DE <span lang=\"RO\" style=\"font-size: 13.0pt;\">Legsal Contabilitate S.R.L.<\/span> PE BAZA ASA, \u0218I <span lang=\"RO\" style=\"font-size: 13.0pt;\">Legsal Contabilitate S.R.L.<\/span> RENUN\u021a\u0102 \u00ceN MOD EXPLICIT LA TOATE GARAN\u021aIILE, EXPRESE SAU IMPLICITE, INCLUD\u00c2ND, F\u0102R\u0102 LIMIT\u0102RI, GARAN\u021aIILE DE COMERCIALITATE \u0218I ADECVARE LA UN SCOP PARTICULAR, \u00ceN LEG\u0102TUR\u0102 CU ORICE SERVICIU SAU MATERIAL. \u00ceN NICIUN CAZ FIRMA NU VA FI RESPONSABIL PENTRU ACEEA\u0218I.<\/p><p>c) TOATE GARAN\u021aIILE EXPRESE SAU IMPLICITE DE ORICE TIP, PRIVIND ORICE MATERIE PRIVIND PRODUSELE, SERVICIILE \u0218I MATERIALELE, INCLUSIV, F\u0102R\u0102 LIMIT\u0102RI, GARAN\u021aIILE IMPLICITE DE COMERCIALITATE, ADECVAREA LA UN SCOP SPECIFIC \u0218I NE\u00ceNFR\u00c2NGEREA SUNT ANULATE \u0218I EXCLUSE. Obliga\u021biile <span lang=\"RO\" style=\"font-size: 13.0pt;\">Legsal Contabilitate S.R.L.<\/span> cu privire la produsele, serviciile \u0219i materialele sale sunt guvernate exclusiv de acordurile \u00een baza c\u0103rora sunt furnizate.<\/p><p>d) <span lang=\"RO\" style=\"font-size: 13.0pt;\">Legsal Contabilitate S.R.L.<\/span>, AFILIA\u021aII \u0218I ASOCIA\u021aII S\u0102I NU VOR FI R\u0102SPUNZ\u0102TORI, \u00ceN NICI UN MOMENT, PENTRU ORICE DANUE DIRECTE, INDIRECTE, ACCIDENTALE, PUNITIVE SAU CONSECVENTE DE ORICE FEL\u00a0 (INCLUSIV, F\u0102R\u0102 A SE LIMITA LA DAUNELE PENTRU PIERDEREA PROIECTELOR DE AFACERI SAU A PROFITURILOR) CARE REZULT\u0102 DIN CONTRACT, DELICT SAU DIN ORICE ALT\u0102 CAUZ\u0102 DIN UTILIZAREA SAU IMPOSIBILITATEA DE A UTILIZA SITE-UL WEB SAU ORICARE DINTRE CON\u021aINUTURILE SALE, SAU DIN ORICE AC\u021aIUNE \u00ceNTREPRINS\u0102 (SAU CARE NU A FOST \u00ceNTREPRINS\u0102) CA URMARE A UTILIZ\u0102RII SITE-ULUI WEB SAU A ORIC\u0102RUIA DINTRE ACESTE CON\u021aINUTURI SAU PENTRU ORICE E\u0218EC DE PERFORMAN\u021a\u0102, EROARE, OMISIUNE, \u00ceNTRERUPERE, \u0218TERGERE, DEFECT, \u00ceNT\u00c2RZIERE \u00ceN FUNC\u021aIONARE SAU TRANSMITERE, VIRUS INFORMATIC, DEFEC\u021aIUNE A LINIEI DE COMUNICA\u021aII, FURT SAU DISTRUGERE SAU ACCES NEAUTORIZAT, MODIFICARE SAU UTILIZARE A INFORMA\u021aIILOR CON\u021aINUTE PE SITE-UL WEB. NU SE FAC DECLARA\u021aII, NU SE OFER\u0102 NICIO DECLARA\u021aIE, GARAN\u021aIE SAU ASIGURARE CU PRIVIRE LA ACURATE\u021aEA, ADECVAREA, FIABILITATEA, CARACTERUL COMPLET, ADECVAREA SAU APLICABILITATEA INFORMA\u021aIILOR LA O ANUMIT\u0102 SITUA\u021aIE.<\/p><p>8. a) Leg\u0103turi c\u0103tre alte site-uri:<\/p><p>Anumite linkuri de pe acest site conduc la resurse aflate pe servere \u00eentre\u021binute de ter\u021be p\u0103r\u021bi asupra c\u0103rora nu are niciun control. Aceste site-uri web sunt externe <span lang=\"RO\" style=\"font-size: 13.0pt;\">Legsal Contabilitate S.R.L.<\/span> \u0219i, prin vizitarea acestora, v\u0103 afla\u021bi \u00een afara site-ului web https:\/\/web-designprofesional.ro\/. <span lang=\"RO\" style=\"font-size: 13.0pt;\">Legsal Contabilitate S.R.L.<\/span> nu aprob\u0103 \u00een niciun fel \u0219i nici nu ofer\u0103 vreo judecat\u0103 sau garan\u021bie \u0219i nu \u00ee\u0219i asum\u0103 nicio responsabilitate sau r\u0103spundere pentru autenticitatea, disponibilitatea oric\u0103ruia dintre bunuri sau servicii sau pentru orice daune, pierderi sau prejudicii, inclusiv, f\u0103r\u0103 a se limita la, orice pierderi de profit, \u00eentreruperi de activitate, pierderi de programe sau alte date din sistemul dumneavoastr\u0103 de gestionare a informa\u021biilor sau \u00een alt mod, chiar dac\u0103 suntem \u00een mod expres avertiza\u021bi de posibilitatea unor astfel de daune directe sau indirecte sau orice \u00eenc\u0103lcare a legilor locale sau interna\u021bionale care ar putea fi cauzate de vizitarea \u0219i tranzac\u021bionarea dvs. pe aceste site-uri web. Este responsabilitatea utilizatorilor s\u0103 ia m\u0103suri de precau\u021bie pentru a se asigura c\u0103 ceea ce selecta\u021bi pentru utilizare nu con\u021bine viru\u0219i, malware, cai troieni \u0219i alte elemente de natur\u0103 distructiv\u0103.<\/p><p>\u00a0 \u00a0 b) <strong>SC Legsal Contabilitate SRL nu ofer\u0103 nicio descriere \u015fi nicio garan\u0163ie de orice fel referitoare la orice alt site pe care pute\u0163i alege s\u0103 \u00eel accesa\u0163i prin prezentului site. Leg\u0103turile (link-urile) oferite de SC Legsal Contabilitate SRL c\u0103tre astfel de site-uri sunt oferite doar pentru confortul dumneavoastr\u0103 \u015fi nu trebuie considerate a sugera c\u0103 SC Legsal Contabilitate SRL aprob\u0103 con\u021binutul acelor site-uri de web sau orice con\u0163inut al acestora.<\/strong><\/p><p>9. Materiale trimise de utilizatori<\/p><p>Acest site web va con\u021bine, \u00eentr-o anumit\u0103 m\u0103sur\u0103, \u0219i materiale trimise de utilizatori. <span lang=\"RO\" style=\"font-size: 13.0pt;\">Legsal Contabilitate S.R.L.<\/span> nu \u00ee\u0219i asum\u0103 nicio responsabilitate pentru con\u021binutul, acurate\u021bea \u0219i conformitatea cu legile aplicabile a acestor materiale.<\/p><p>10. For\u021ba major\u0103<\/p><p><span lang=\"RO\" style=\"font-size: 13.0pt;\">Legsal Contabilitate S.R.L.<\/span> nu va avea nicio r\u0103spundere fa\u021b\u0103 de dvs. pentru orice \u00eentrerupere sau \u00eent\u00e2rziere a accesului la acest site web din orice cauz\u0103, inclusiv, dar f\u0103r\u0103 a se limita la acte de for\u021b\u0103 major\u0103 (de exemplu: cutremur, dezastre naturale etc.), r\u0103zboi, ac\u021biuni ostile, greve sau probleme de munc\u0103 \u0219i defec\u021biuni ale re\u021belelor de comunica\u021bii sau acte dincolo de controlul s\u0103u rezonabil.<\/p><p><span lang=\"RO\" style=\"font-size: 13.0pt;\">Legsal Contabilitate S.R.L.<\/span><\/p>\n\t\t\t\t\t<\/div>\n\t\t\t\t<\/div>\n\t\t\t\t<\/div>\n\t\t\t\t\t<\/div>\n\t\t<\/div>\n\t\t\t\t\t\t\t<\/div>\n\t\t<\/section>\n\t\t\t\t\t\t\t<\/div>","protected":false},"excerpt":{"rendered":"<p>Website: https:\/\/web-designprofesional.ro\/Firma: Legsal Contabilitate S.R.L.Sediu: Braila, str. Mihai Eminescu, nr.56, et.1Tel: +40755162698e-Mail: contact@web-designprofesional.ro \u00centruc\u00e2t suntem \u00eenc\u00e2nta\u021bi s\u0103 furniz\u0103m informa\u021bii pe<\/p>","protected":false},"author":1,"featured_media":0,"parent":0,"menu_order":0,"comment_status":"closed","ping_status":"closed","template":"","meta":{"footnotes":""},"class_list":["post-15619","page","type-page","status-publish","hentry"],"_links":{"self":[{"href":"https:\/\/web-designprofesional.ro\/en\/wp-json\/wp\/v2\/pages\/15619","targetHints":{"allow":["GET"]}}],"collection":[{"href":"https:\/\/web-designprofesional.ro\/en\/wp-json\/wp\/v2\/pages"}],"about":[{"href":"https:\/\/web-designprofesional.ro\/en\/wp-json\/wp\/v2\/types\/page"}],"author":[{"embeddable":true,"href":"https:\/\/web-designprofesional.ro\/en\/wp-json\/wp\/v2\/users\/1"}],"replies":[{"embeddable":true,"href":"https:\/\/web-designprofesional.ro\/en\/wp-json\/wp\/v2\/comments?post=15619"}],"version-history":[{"count":44,"href":"https:\/\/web-designprofesional.ro\/en\/wp-json\/wp\/v2\/pages\/15619\/revisions"}],"predecessor-version":[{"id":17924,"href":"https:\/\/web-designprofesional.ro\/en\/wp-json\/wp\/v2\/pages\/15619\/revisions\/17924"}],"wp:attachment":[{"href":"https:\/\/web-designprofesional.ro\/en\/wp-json\/wp\/v2\/media?parent=15619"}],"curies":[{"name":"wp","href":"https:\/\/api.w.org\/{rel}","templated":true}]}}