{"id":15608,"date":"2023-06-01T17:53:24","date_gmt":"2023-06-01T15:53:24","guid":{"rendered":"https:\/\/web-designprofesional.ro\/?page_id=15608"},"modified":"2023-06-01T17:57:00","modified_gmt":"2023-06-01T15:57:00","slug":"politica-cookie","status":"publish","type":"page","link":"https:\/\/web-designprofesional.ro\/en\/politica-cookie\/","title":{"rendered":"Cookie policy"},"content":{"rendered":"<div data-elementor-type=\"wp-page\" data-elementor-id=\"15608\" class=\"elementor elementor-15608\" data-elementor-post-type=\"page\">\n\t\t\t\t\t\t\t\t\t<section class=\"wd-negative-gap elementor-section elementor-top-section elementor-element elementor-element-47320ea elementor-section-boxed elementor-section-height-default elementor-section-height-default\" data-id=\"47320ea\" data-element_type=\"section\">\n\t\t\t\t\t\t<div class=\"elementor-container elementor-column-gap-default\">\n\t\t\t\t\t<div class=\"elementor-column elementor-col-100 elementor-top-column elementor-element elementor-element-96c6376\" data-id=\"96c6376\" data-element_type=\"column\">\n\t\t\t<div class=\"elementor-widget-wrap elementor-element-populated\">\n\t\t\t\t\t\t\t\t<div class=\"elementor-element elementor-element-97b3d51 elementor-widget elementor-widget-wd_text_block\" data-id=\"97b3d51\" data-element_type=\"widget\" data-widget_type=\"wd_text_block.default\">\n\t\t\t\t<div class=\"elementor-widget-container\">\n\t\t\t\t\t<div class=\"wd-text-block reset-last-child text-left\">\n\t\t\t\n\t\t\t<p>Please read the following information carefully:<br \/>In order to comply with the requirements established in the EU Directive of May 26, 2012 and the provisions of Law no. 506 of November 17, 2004 regarding the processing of personal data and the protection of private life in the electronic communications sector, all website visitors are asked for their consent before cookies are sent to their computers.<br \/>This website uses its own and third-party cookies to provide visitors with a much better browsing experience and services tailored to each individual's needs and interests.<br \/>Cookies play an important role in facilitating the access and delivery of the multiple services that the user enjoys on the Internet, such as:<br \/>\u25cf Customizing certain settings such as: the language in which a site is viewed, accessing old preferences by accessing the \"forward\" and \"back\" buttons.<br \/>\u25cf Cookies provide site owners with valuable feedback on how their sites are used by users, so that they can make them even more efficient and accessible to users.<br \/>\u25cf Allow multimedia or other applications from other sites to be included in a particular site to create a more valuable, useful and enjoyable browsing experience.<br \/>What is a \"cookie\"?<br \/>An \"Internet Cookie\" (term also known as \"browser cookie\" or \"HTTP cookie\" or simply \"cookie\") is a small file, consisting of letters and numbers, which will be stored on the computer, mobile terminal or other equipment of a user from which the Internet is accessed.<br \/>The cookie is installed through the request issued by a web server to a browser (eg: Internet Explorer, Chrome) and is completely \"passive\" (it does not contain software programs, viruses or spyware and cannot access the information on the hard drive the user).<br \/>Un cookie este format din 2 p\u0103r\u021bi: numele \u0219i con\u021binutul sau valoarea cookie-ului. Mai mult, durata de existen\u021b\u0103 a unui cookie este determinat\u0103; tehnic, doar webserverul care a trimis cookie-ul \u00eel poate accesa din nou \u00een momentul \u00een care un utilizator se \u00eentoarce pe website-ul asociat webserverului respectiv.<br \/>Cookies themselves do not require personal information to be used and, in most cases, do not personally identify Internet users.<br \/>Exista 2 categorii mari de cookie-uri:<br \/>1. Session cookies \u2013 they are temporarily stored in the cookies folder of the web browser so that it remembers them until the user leaves the respective website or closes the browser window (eg: when logging in\/out on a webmail or social media account).<br \/>1. Persistent cookies \u2013 these are stored on the hard drive of a computer or device (and generally depend on the lifetime of the cookie). Persistent cookies also include those placed by a website other than the one the user is visiting at the time - known as 'third party cookies' - which can be used anonymously to remember a user's interests so that the most relevant advertising to users is delivered.<br \/>Care sunt avantajele cookie-urilor?<br \/>A cookie contains information that connects a web browser (the user) and a specific web server (the website). If a browser accesses that web server again, it can read the information already stored and react accordingly. Cookies provide users with a pleasant browsing experience and support the efforts of many websites to offer comfortable services to users: eg \u2013 online privacy preferences, site language options, shopping baskets or relevant advertising.<br \/>What is the lifespan of a cookie?<br \/>Cookies are managed by web servers. The lifetime of a cookie can vary significantly, depending on the purpose for which it is placed. Some cookies are used exclusively for a single session (session cookies) and are no longer retained once the user has left the website, and some cookies are retained and reused every time the user returns to that website (cookie- permanent hours). However, cookies can be deleted by a user at any time through the browser settings.<br \/>What are cookies placed by third parties?<br \/>Certain sections of content on some sites may be provided by third parties\/providers (eg news box, video or advertisement). These third parties can also place cookies through the site and they are called \"third party cookies\" because they are not placed by the owner of the respective website. Third party providers must also comply with applicable law and the privacy policies of the site owner.<br \/>How cookies are used by a site.<br \/>A visit to a website may place cookies for:<br \/>\u25cf cre\u0219terea performan\u021bei website-ului;<br \/>\u25cf o analiz\u0103 a vizitatorilor;<br \/>\u25cf geotargetting;<br \/>\u25cf \u00eenregistrarea utilizatorilor.<br \/>Cookie-uri de performan\u021b\u0103<br \/>This type of cookie remembers the user's preferences on this site, so that it is no longer necessary to set them each time the site is visited.<br \/>Examples: volume settings for video player, video streaming speed with which the browser is compatible.<br \/>Cookie-uri pentru analiza vizitatorilor<br \/>Each time a user visits a site, analytics software provided by a third party generates a user analytics cookie. This cookie tells if you have visited this site before. Your browser will signal if you have this cookie, and if not, one will be generated. It allows monitoring of unique users who visit the site and how often they do so.<br \/>As long as the visitor is not registered on the site, this cookie cannot be used to identify individuals, they are used only for statistical purposes. If it is registered, it is also possible to know the details provided, such as the e-mail address and the username - these being subject to confidentiality, according to the provisions of the legislation in force regarding the protection of personal data.<br \/>Cookie-uri pentru geotargetting<br \/>Aceste cookie-uri sunt utilizate de c\u0103tre un soft care stabile\u0219te din ce \u021bar\u0103 proveni\u021bi. Este complet anonim \u0219i este folosit doar pentru a targeta con\u021binutul \u2013 chiar \u0219i atunci c\u00e2nd vizitatorul este pe pagina \u00een limba rom\u00e2n\u0103 sau \u00een alt\u0103 limb\u0103, se va primi aceea\u0219i reclam\u0103.<br \/>Cookie-uri pentru \u00eenregistrare<br \/>When you register on a site, a cookie is generated that tells you whether you are registered or not. The servers use these cookies to show the account you are registered with and whether you have permission for a particular service. It is also allowed to associate any comment posted on the site with your username. If you have not selected \"keep me registered\", this cookie will be automatically deleted when you close your browser or computer.<br \/>Alte cookie-uri ale ter\u021belor p\u0103r\u021bi<br \/>On some pages, third parties may set their own anonymous cookies in order to track the success of an application or to customize an application.<br \/>For example, when you share an article using the social network button on a site, that social network will record your activity.<br \/>What type of information is stored and accessed through cookies?<br \/>Cookies store information in a small text file that allows a website to recognize a browser. The web server will recognize the browser until the cookie expires or is deleted.<br \/>The cookie stores important information that improves the Internet browsing experience (eg: language settings in which a website is accessed; keeping a user logged in to the webmail account; online banking security; keeping products in the shopping cart)<br \/>De ce sunt cookie-urile importante pentru Internet?<br \/>Cookie-urile reprezint\u0103 punctul central al func\u021bion\u0103rii eficiente a Internetului, ajut\u00e2nd la generarea unei experien\u021be de navigare prietenoase \u0219i adaptat\u0103 preferin\u021belor \u0219i intereselor fiec\u0103rui utilizator. Refuzarea sau dezactivarea cookie-urilor poate face unele site-uri imposibil de folosit.<br \/>Exemple de \u00eentrebuin\u021b\u0103ri importante ale cookie-urilor (care nu necesit\u0103 autentificarea unui utilizator prin intermediul unui cont):<br \/>\u25cf Con\u021binut \u0219i servicii adaptate preferin\u021belor utilizatorului \u2013 categorii de \u0219tiri, vreme, sport, h\u0103r\u021bi, servicii publice \u0219i guvernamentale, site-uri de entertainment \u0219i servicii de travel.<br \/>\u25cf Oferte adaptate pe interesele utilizatorilor \u2013 re\u021binerea parolelor, preferin\u021bele de limb\u0103 ( ex:afi\u0219area rezultatelor c\u0103utarilor \u00een limba Rom\u00e2n\u0103).<br \/>\u25cf Re\u021binerea filtrelor de protec\u021bie a copiilor privind con\u021binutul pe Internet (op\u021biuni family mode, func\u021bii de safe search).<br \/>\u25cf M\u0103surare, optimizare \u0219i caracteristicile de analytics \u2013 cum ar fi confirmarea unui anumit nivel de trafic pe un website, ce tip de con\u021binut este vizualizat \u0219i modul cum un utilizator ajunge pe un website (ex: prin motoare de c\u0103utare, direct, din alte website-uri ). Website-urile deruleaz\u0103 aceste analize a utilizarii lor pentru a \u00eembun\u0103t\u0103\u021bi site-urile \u00een beneficiul userilor.<br \/>Securitate si probleme legate de confiden\u021bialitate<br \/>Cookies are NOT viruses! They use plain text formats. They are not made up of pieces of code, so they cannot be executed, nor can they self-execute. Consequently, they cannot be duplicated or replicated to other networks to run or replicate again. Since they cannot perform these functions, they cannot be considered viruses.<br \/>Cookies can still be used for negative purposes. Because they store information about users' preferences and browsing history, both on a particular site and across multiple sites, cookies can be used as a form of Spyware. Many anti-spyware products are aware of this fact and constantly mark cookies for deletion during anti-virus\/anti-spyware deletion\/scanning procedures.<br \/>In general, browsers have integrated privacy settings that provide different levels of cookie acceptance, validity period and automatic deletion after the user has visited a certain site.<br \/>Sfaturi pentru o navigare sigur\u0103 \u0219i responsabil\u0103, bazat\u0103a pe cookies.<br \/>\u25cf Particulariza\u021bi-v\u0103 set\u0103rile browserului \u00een ceea ce prive\u0219te cookie-urile pentru a reflecta un nivel confortabil pentru voi al securit\u0103\u021bii utiliz\u0103rii cookie-urilor.<br \/>\u25cf Dac\u0103 \u00eemp\u0103r\u021bi\u021bi accesul la calculator, pute\u021bi lua \u00een considerare setarea browserului pentru a \u0219terge datele individuale de navigare de fiecare dat\u0103 c\u00e2nd \u00eenchide\u021bi browserul. Aceasta este o variant\u0103 de a accesa site-urile care plaseaz\u0103 cookie-uri \u0219i de a \u0219terge orice informa\u021bie de vizitare la \u00eenchiderea sesiunii navigare.<br \/>\u25cf Instala\u021bi-v\u0103 \u0219i actualiza\u021bi-v\u0103 constant aplica\u021bii antispyware.<br \/>\u25cf Multe dintre aplica\u021biile de detectare \u0219i prevenire a spyware-ului includ detectarea atacurilor pe site-uri. Astfel, impiedic\u0103 browserul de la a accesa website-uri care ar putea sp exploateze vulnerabilit\u0103\u021bile browserului sau s\u0103 descarce software periculos.<br \/>Cum pot opri cookie-urile?<br \/>Disabling and refusing to receive cookies can make certain websites impractical or difficult to visit and use.<br \/>It is possible to set the browser so that these cookies are no longer accepted or the browser can be set to accept cookies from a specific site. But, for example, if a visitor is not registered using cookies, they will not be able to leave comments.<br \/>All modern browsers offer the possibility to change cookie settings. These settings are usually found in the Options \/ Settings menu or in the Preferences \/ Favorites menu of the browser.<br \/>To understand these settings, the following links may be useful:<br \/>Cookie settings in Internet Explorer<br \/>Cookie settings in Firefox<br \/>Cookie settings in Chrome<br \/>Cookie settings in Safari<\/p>\n\t\t\t\t\t<\/div>\n\t\t\t\t<\/div>\n\t\t\t\t<\/div>\n\t\t\t\t\t<\/div>\n\t\t<\/div>\n\t\t\t\t\t\t\t<\/div>\n\t\t<\/section>\n\t\t\t\t\t\t\t<\/div>","protected":false},"excerpt":{"rendered":"<p>Va rugam s\u0103 citi\u021bi cu aten\u021bie informa\u021biile care urmeaz\u0103:Pentru a respecta cerin\u021bele stabilite \u00een Directiva UE din 26 mai 2012<\/p>","protected":false},"author":1,"featured_media":0,"parent":0,"menu_order":0,"comment_status":"closed","ping_status":"closed","template":"","meta":{"footnotes":""},"class_list":["post-15608","page","type-page","status-publish","hentry"],"_links":{"self":[{"href":"https:\/\/web-designprofesional.ro\/en\/wp-json\/wp\/v2\/pages\/15608","targetHints":{"allow":["GET"]}}],"collection":[{"href":"https:\/\/web-designprofesional.ro\/en\/wp-json\/wp\/v2\/pages"}],"about":[{"href":"https:\/\/web-designprofesional.ro\/en\/wp-json\/wp\/v2\/types\/page"}],"author":[{"embeddable":true,"href":"https:\/\/web-designprofesional.ro\/en\/wp-json\/wp\/v2\/users\/1"}],"replies":[{"embeddable":true,"href":"https:\/\/web-designprofesional.ro\/en\/wp-json\/wp\/v2\/comments?post=15608"}],"version-history":[{"count":4,"href":"https:\/\/web-designprofesional.ro\/en\/wp-json\/wp\/v2\/pages\/15608\/revisions"}],"predecessor-version":[{"id":15612,"href":"https:\/\/web-designprofesional.ro\/en\/wp-json\/wp\/v2\/pages\/15608\/revisions\/15612"}],"wp:attachment":[{"href":"https:\/\/web-designprofesional.ro\/en\/wp-json\/wp\/v2\/media?parent=15608"}],"curies":[{"name":"wp","href":"https:\/\/api.w.org\/{rel}","templated":true}]}}